{"id":1907,"date":"2020-03-09T16:43:11","date_gmt":"2020-03-09T14:43:11","guid":{"rendered":"https:\/\/www.fink.ee\/?page_id=1907"},"modified":"2024-02-16T09:58:14","modified_gmt":"2024-02-16T07:58:14","slug":"contracts","status":"publish","type":"page","link":"https:\/\/fink.ee\/en\/fields-of-legal-assistance\/contracts\/","title":{"rendered":"Contracts"},"content":{"rendered":"<div class=\"fusion-fullwidth fullwidth-box fusion-builder-row-1 nonhundred-percent-fullwidth non-hundred-percent-height-scrolling fusion-equal-height-columns\" style=\"--awb-border-radius-top-left:0px;--awb-border-radius-top-right:0px;--awb-border-radius-bottom-right:0px;--awb-border-radius-bottom-left:0px;--awb-flex-wrap:wrap;\" ><div class=\"fusion-builder-row fusion-row\"><div class=\"fusion-layout-column fusion_builder_column fusion-builder-column-0 fusion_builder_column_1_1 1_1 fusion-one-full fusion-column-first fusion-column-last\" style=\"--awb-bg-size:cover;\"><div class=\"fusion-column-wrapper fusion-flex-column-wrapper-legacy\"><div class=\"fusion-text fusion-text-1\"><h1>Legal assistance in drawing up contracts<\/h1>\n<p>Legal assistance in drawing up contracts helps to minimise the risks. A well-prepared contract protects your interests.<\/p>\n<p>Law Firm FINK advises clients in pre-contractual negotiations, drafting contracts and in contract-related disputes. Often, the other party to the contract has drawn up their own draft, which needs a legal analysis in order to determine if it is in your interests. Thus, if necessary, we submit a legal opinion on a draft contract or represent you in pre-contractual negotiations in order to give you ensure that your interests as a client are protected to the maximum extent.<\/p>\n<p>Upon concluding a contract you should consider whether the offered contract is indeed the best solution. For instance, if your goal is to earn money from the sale of a forest stand, you should consider whether it is reasonable to conclude a usufruct contract, sell the forest land or conclude a sales contract of the forest stand cutting right. Legal assistance may be necessary to decide whether to conclude an employment contract, authorisation contract or contract for services.<\/p>\n<p>Law Firm FINK\u2019s legal services include, among other things, the drafting of contracts, representation in pre-contractual negotiations and representation in contractual disputes in the following matters:<\/p>\n<ul>\n<li>Conclusion, validity, amendment and termination of a contract<\/li>\n<li>Pre-contractual negotiations<\/li>\n<li>The obligation to give pre-contractual information in the case of a contract concluded with a consumer<\/li>\n<li>The awareness of a party of the deficiencies of a contract<\/li>\n<li>Offer, an offer with a set term of acceptance, an offer without a set term of acceptance, termination of an offer<\/li>\n<li>Acceptance, acceptance of amendments, late acceptance<\/li>\n<li>Parties\u2019 obligations, substance of the obligations of contracting parties, customs and practice of contracting parties, absence of an agreement on an important condition<\/li>\n<li>Setting a price, restrictions on a fee in the case of a contract concluded with a consumer<\/li>\n<li>Interpretation of a contract<\/li>\n<li>Acknowledgement of obligation<\/li>\n<li>Merger clause in a contract<\/li>\n<li>Letter of confirmation<\/li>\n<li>Preliminary contract<\/li>\n<li>Standard terms: standard terms as a part of a contract, a standard term and a separate agreement, interpretation of standard terms, controversy of standard terms, validity of a contract containing standard terms, invalidity of a standard term, variations regarding credit institutions, contracts made in economic or professional activities, demanding the termination of use of unfair standard terms<\/li>\n<li>E-commerce<\/li>\n<li>Off-premises contract: pre-contractual notification of the consumer, confirmation of information, right to withdraw, obligations of the economic operator and consumer upon withdrawal from the contract by the consumer<\/li>\n<li>Distance contracts: pre-contractual notification of the consumer, pre-contractual notification of the consumer in the case of a financial service contract, conclusion of a contract by telephone, right to withdraw from a contract, obligations of the economic operator and consumer upon withdrawal from the contract by the consumer<\/li>\n<li>Contracts concluded via a computer network: requirements for the conclusion of a contract with a consumer<\/li>\n<li>Debtors, creditors<\/li>\n<li>Performance of an obligation<\/li>\n<li>Legal remedies in the case of a breach of an obligation: demanding the performance of the obligation, refusal to perform an obligation, reduction of the price, charging late interest, damages, withdrawal from the contract and termination of the contract<\/li>\n<li>Suretyship and guarantee<\/li>\n<li>Earnest money<\/li>\n<li>Contractual penalty, reduction of a contractual penalty<\/li>\n<li>Contract for the assignment of a claim<\/li>\n<li>Transfer of business<\/li>\n<li>Sales contract: compliance of a thing with the terms and conditions of the contract, seller\u2019s liability in the case of the non-compliance of a thing with the terms and conditions of a contract, notifying of the non-compliance of a thing with the terms and conditions of a contract, sales guarantee<\/li>\n<li>Gratuitous contract, withdrawal from a gratuitous contract<\/li>\n<li>Tenancy contract, landlord\u2019s statutory lien, security deposit for the landlord, termination of a tenancy contract<\/li>\n<li>Commercial lease contract, commercial lease of arable land<\/li>\n<li>Leasing contract<\/li>\n<li>Loan contract, termination of a loan contract<\/li>\n<li>Insurance contract<\/li>\n<li>Partnership contract<\/li>\n<li>Contracts involving the provision of services: authorisation contract, contract for services, brokerage contract<\/li>\n<li>Deposit contract and storage contract<\/li>\n<li>Transfer of the right to cut growing crops: contract for sale of the right to cut a forest stand<\/li>\n<li>Usufruct contract<\/li>\n<li>Employment contract: conclusion of an employment contract, confidentiality obligation, non-compete agreement, employee\u2019s liability, pecuniary liability agreement, termination of an employment contract, disputes arising from an employment contract<\/li>\n<\/ul>\n<p>If a topic of your interest has not been mentioned here, do not hesitate to contact us nevertheless and enquire about it.<\/p>\n<p><strong>Phone:\u00a0\u00a0+372 501 2205<br \/>\n<\/strong><strong>Email:\u00a0\u00a0eve@fink.ee<\/strong><\/p>\n<\/div><div class=\"fusion-clearfix\"><\/div><\/div><\/div><\/div><\/div>\n","protected":false},"excerpt":{"rendered":"","protected":false},"author":2,"featured_media":0,"parent":1854,"menu_order":0,"comment_status":"closed","ping_status":"closed","template":"","meta":{"footnotes":""},"class_list":["post-1907","page","type-page","status-publish","hentry"],"yoast_head":"<!-- This site is optimized with the Yoast SEO plugin v27.4 - https:\/\/yoast.com\/product\/yoast-seo-wordpress\/ -->\n<title>Contracts - Advokaadib\u00fcroo FINK<\/title>\n<meta name=\"robots\" content=\"index, follow, max-snippet:-1, max-image-preview:large, max-video-preview:-1\" \/>\n<link rel=\"canonical\" href=\"https:\/\/fink.ee\/en\/fields-of-legal-assistance\/contracts\/\" \/>\n<meta property=\"og:locale\" content=\"en_US\" \/>\n<meta property=\"og:type\" content=\"article\" \/>\n<meta property=\"og:title\" content=\"Contracts - Advokaadib\u00fcroo FINK\" \/>\n<meta property=\"og:url\" content=\"https:\/\/fink.ee\/en\/fields-of-legal-assistance\/contracts\/\" \/>\n<meta property=\"og:site_name\" content=\"Advokaadib\u00fcroo FINK\" \/>\n<meta property=\"article:publisher\" content=\"https:\/\/www.facebook.com\/Advokaadib%c3%bcroo-FINK-273392283178911\/?modal=admin_todo_tour\" \/>\n<meta property=\"article:modified_time\" content=\"2024-02-16T07:58:14+00:00\" \/>\n<meta name=\"twitter:card\" content=\"summary_large_image\" \/>\n<meta name=\"twitter:label1\" content=\"Est. reading time\" \/>\n\t<meta name=\"twitter:data1\" content=\"4 minutes\" \/>\n<script type=\"application\/ld+json\" class=\"yoast-schema-graph\">{\"@context\":\"https:\\\/\\\/schema.org\",\"@graph\":[{\"@type\":\"WebPage\",\"@id\":\"https:\\\/\\\/fink.ee\\\/en\\\/fields-of-legal-assistance\\\/contracts\\\/\",\"url\":\"https:\\\/\\\/fink.ee\\\/en\\\/fields-of-legal-assistance\\\/contracts\\\/\",\"name\":\"Contracts - Advokaadib\u00fcroo FINK\",\"isPartOf\":{\"@id\":\"https:\\\/\\\/fink.ee\\\/en\\\/#website\"},\"datePublished\":\"2020-03-09T14:43:11+00:00\",\"dateModified\":\"2024-02-16T07:58:14+00:00\",\"breadcrumb\":{\"@id\":\"https:\\\/\\\/fink.ee\\\/en\\\/fields-of-legal-assistance\\\/contracts\\\/#breadcrumb\"},\"inLanguage\":\"en-US\",\"potentialAction\":[{\"@type\":\"ReadAction\",\"target\":[\"https:\\\/\\\/fink.ee\\\/en\\\/fields-of-legal-assistance\\\/contracts\\\/\"]}]},{\"@type\":\"BreadcrumbList\",\"@id\":\"https:\\\/\\\/fink.ee\\\/en\\\/fields-of-legal-assistance\\\/contracts\\\/#breadcrumb\",\"itemListElement\":[{\"@type\":\"ListItem\",\"position\":1,\"name\":\"Home\",\"item\":\"https:\\\/\\\/fink.ee\\\/en\\\/\"},{\"@type\":\"ListItem\",\"position\":2,\"name\":\"Fields of Legal Assistance\",\"item\":\"https:\\\/\\\/fink.ee\\\/en\\\/fields-of-legal-assistance\\\/\"},{\"@type\":\"ListItem\",\"position\":3,\"name\":\"Contracts\"}]},{\"@type\":\"WebSite\",\"@id\":\"https:\\\/\\\/fink.ee\\\/en\\\/#website\",\"url\":\"https:\\\/\\\/fink.ee\\\/en\\\/\",\"name\":\"Advokaadib\u00fcroo FINK\",\"description\":\"\u00d5igusteenuse osutamine - Advokaadib\u00fcroo FINK\",\"potentialAction\":[{\"@type\":\"SearchAction\",\"target\":{\"@type\":\"EntryPoint\",\"urlTemplate\":\"https:\\\/\\\/fink.ee\\\/en\\\/?s={search_term_string}\"},\"query-input\":{\"@type\":\"PropertyValueSpecification\",\"valueRequired\":true,\"valueName\":\"search_term_string\"}}],\"inLanguage\":\"en-US\"}]}<\/script>\n<!-- \/ Yoast SEO plugin. -->","yoast_head_json":{"title":"Contracts - Advokaadib\u00fcroo FINK","robots":{"index":"index","follow":"follow","max-snippet":"max-snippet:-1","max-image-preview":"max-image-preview:large","max-video-preview":"max-video-preview:-1"},"canonical":"https:\/\/fink.ee\/en\/fields-of-legal-assistance\/contracts\/","og_locale":"en_US","og_type":"article","og_title":"Contracts - Advokaadib\u00fcroo FINK","og_url":"https:\/\/fink.ee\/en\/fields-of-legal-assistance\/contracts\/","og_site_name":"Advokaadib\u00fcroo FINK","article_publisher":"https:\/\/www.facebook.com\/Advokaadib%c3%bcroo-FINK-273392283178911\/?modal=admin_todo_tour","article_modified_time":"2024-02-16T07:58:14+00:00","twitter_card":"summary_large_image","twitter_misc":{"Est. reading time":"4 minutes"},"schema":{"@context":"https:\/\/schema.org","@graph":[{"@type":"WebPage","@id":"https:\/\/fink.ee\/en\/fields-of-legal-assistance\/contracts\/","url":"https:\/\/fink.ee\/en\/fields-of-legal-assistance\/contracts\/","name":"Contracts - Advokaadib\u00fcroo FINK","isPartOf":{"@id":"https:\/\/fink.ee\/en\/#website"},"datePublished":"2020-03-09T14:43:11+00:00","dateModified":"2024-02-16T07:58:14+00:00","breadcrumb":{"@id":"https:\/\/fink.ee\/en\/fields-of-legal-assistance\/contracts\/#breadcrumb"},"inLanguage":"en-US","potentialAction":[{"@type":"ReadAction","target":["https:\/\/fink.ee\/en\/fields-of-legal-assistance\/contracts\/"]}]},{"@type":"BreadcrumbList","@id":"https:\/\/fink.ee\/en\/fields-of-legal-assistance\/contracts\/#breadcrumb","itemListElement":[{"@type":"ListItem","position":1,"name":"Home","item":"https:\/\/fink.ee\/en\/"},{"@type":"ListItem","position":2,"name":"Fields of Legal Assistance","item":"https:\/\/fink.ee\/en\/fields-of-legal-assistance\/"},{"@type":"ListItem","position":3,"name":"Contracts"}]},{"@type":"WebSite","@id":"https:\/\/fink.ee\/en\/#website","url":"https:\/\/fink.ee\/en\/","name":"Advokaadib\u00fcroo FINK","description":"\u00d5igusteenuse osutamine - Advokaadib\u00fcroo FINK","potentialAction":[{"@type":"SearchAction","target":{"@type":"EntryPoint","urlTemplate":"https:\/\/fink.ee\/en\/?s={search_term_string}"},"query-input":{"@type":"PropertyValueSpecification","valueRequired":true,"valueName":"search_term_string"}}],"inLanguage":"en-US"}]}},"_links":{"self":[{"href":"https:\/\/fink.ee\/en\/wp-json\/wp\/v2\/pages\/1907","targetHints":{"allow":["GET"]}}],"collection":[{"href":"https:\/\/fink.ee\/en\/wp-json\/wp\/v2\/pages"}],"about":[{"href":"https:\/\/fink.ee\/en\/wp-json\/wp\/v2\/types\/page"}],"author":[{"embeddable":true,"href":"https:\/\/fink.ee\/en\/wp-json\/wp\/v2\/users\/2"}],"replies":[{"embeddable":true,"href":"https:\/\/fink.ee\/en\/wp-json\/wp\/v2\/comments?post=1907"}],"version-history":[{"count":0,"href":"https:\/\/fink.ee\/en\/wp-json\/wp\/v2\/pages\/1907\/revisions"}],"up":[{"embeddable":true,"href":"https:\/\/fink.ee\/en\/wp-json\/wp\/v2\/pages\/1854"}],"wp:attachment":[{"href":"https:\/\/fink.ee\/en\/wp-json\/wp\/v2\/media?parent=1907"}],"curies":[{"name":"wp","href":"https:\/\/api.w.org\/{rel}","templated":true}]}}