{"id":1901,"date":"2020-03-09T16:05:24","date_gmt":"2020-03-09T14:05:24","guid":{"rendered":"https:\/\/www.fink.ee\/?page_id=1901"},"modified":"2024-02-16T10:02:35","modified_gmt":"2024-02-16T08:02:35","slug":"commercial-law","status":"publish","type":"page","link":"https:\/\/fink.ee\/en\/fields-of-legal-assistance\/commercial-law\/","title":{"rendered":"Commercial Law"},"content":{"rendered":"<div class=\"fusion-fullwidth fullwidth-box fusion-builder-row-1 nonhundred-percent-fullwidth non-hundred-percent-height-scrolling\" style=\"--awb-border-radius-top-left:0px;--awb-border-radius-top-right:0px;--awb-border-radius-bottom-right:0px;--awb-border-radius-bottom-left:0px;--awb-flex-wrap:wrap;\" ><div class=\"fusion-builder-row fusion-row\"><div class=\"fusion-layout-column fusion_builder_column fusion-builder-column-0 fusion_builder_column_1_1 1_1 fusion-one-full fusion-column-first fusion-column-last\" style=\"--awb-bg-size:cover;\"><div class=\"fusion-column-wrapper fusion-flex-column-wrapper-legacy\"><div class=\"fusion-text fusion-text-1\"><h1>Legal assistance in commercial law<\/h1>\n<p>Legal assistance in commercial law in the interest of your business. Advising and representing clients in the activities of companies starting from the foundation of the company.<\/p>\n<p>In Estonia, one can act as an economic operator in the form of a self-employed person as well as a company. Companies include general partnerships, limited partnerships, private limited companies, public limited companies and commercial associations. One can also operate in the form of a European company (Societas Europaea (SE)) and European Cooperative Society (Societas Cooperativa Europaea (SCE)). In practice, the private limited company is the most popular form of operation, which means that an individual can found a company without making any pecuniary contributions.<\/p>\n<p>Law Firm FINK provides legal assistance in matters related to companies:<\/p>\n<ul>\n<li>Establishment of a private limited company<\/li>\n<li>Competence of shareholders<\/li>\n<li>Preparation of the organisation of a meeting of shareholders, calling a meeting of shareholders, agenda of a meeting of shareholders, draft resolution, notice of calling a meeting of shareholders<\/li>\n<li>Adoption of a resolution of shareholders without calling a meeting<\/li>\n<li>Resolution of shareholders, contesting a resolution of shareholders, nullity of a resolution of shareholders, contestation of a resolution of shareholders<\/li>\n<li>Election and removal of board members<\/li>\n<li>Board member\u2019s competition ban<\/li>\n<li>Business secret of a private limited company<\/li>\n<li>Board member\u2019s liability<\/li>\n<li>Shareholder\u2019s liability<\/li>\n<li>Supervisory Board\u2019s competence and activities<\/li>\n<li>Special audit in matters related to the management or assets of a private limited company<\/li>\n<li>Winding-up of a private limited company<\/li>\n<li>Merger, division and transformation<\/li>\n<li>Disputes between shareholders<\/li>\n<li>Sale and purchase of shareholding, sale of a share in a private limited company<\/li>\n<\/ul>\n<p>If a topic of your interest has not been mentioned here, do not hesitate to contact us nevertheless and enquire about it.<\/p>\n<p><strong>Phone:\u00a0\u00a0+372 501 2205<\/strong><br \/>\n<strong>Email:\u00a0\u00a0eve@fink.ee<\/strong><\/p>\n<\/div><div class=\"fusion-clearfix\"><\/div><\/div><\/div><\/div><\/div>\n","protected":false},"excerpt":{"rendered":"","protected":false},"author":2,"featured_media":0,"parent":1854,"menu_order":0,"comment_status":"closed","ping_status":"closed","template":"","meta":{"footnotes":""},"class_list":["post-1901","page","type-page","status-publish","hentry"],"yoast_head":"<!-- This site is optimized with the Yoast SEO plugin v27.4 - https:\/\/yoast.com\/product\/yoast-seo-wordpress\/ -->\n<title>Commercial Law - Advokaadib\u00fcroo FINK<\/title>\n<meta name=\"robots\" content=\"index, follow, max-snippet:-1, max-image-preview:large, max-video-preview:-1\" \/>\n<link rel=\"canonical\" href=\"https:\/\/fink.ee\/en\/fields-of-legal-assistance\/commercial-law\/\" \/>\n<meta property=\"og:locale\" content=\"en_US\" \/>\n<meta property=\"og:type\" content=\"article\" \/>\n<meta property=\"og:title\" content=\"Commercial Law - Advokaadib\u00fcroo FINK\" \/>\n<meta property=\"og:url\" content=\"https:\/\/fink.ee\/en\/fields-of-legal-assistance\/commercial-law\/\" \/>\n<meta property=\"og:site_name\" content=\"Advokaadib\u00fcroo FINK\" \/>\n<meta property=\"article:publisher\" content=\"https:\/\/www.facebook.com\/Advokaadib%c3%bcroo-FINK-273392283178911\/?modal=admin_todo_tour\" \/>\n<meta property=\"article:modified_time\" content=\"2024-02-16T08:02:35+00:00\" \/>\n<meta name=\"twitter:card\" content=\"summary_large_image\" \/>\n<meta name=\"twitter:label1\" content=\"Est. reading time\" \/>\n\t<meta name=\"twitter:data1\" content=\"2 minutes\" \/>\n<script type=\"application\/ld+json\" class=\"yoast-schema-graph\">{\"@context\":\"https:\\\/\\\/schema.org\",\"@graph\":[{\"@type\":\"WebPage\",\"@id\":\"https:\\\/\\\/fink.ee\\\/en\\\/fields-of-legal-assistance\\\/commercial-law\\\/\",\"url\":\"https:\\\/\\\/fink.ee\\\/en\\\/fields-of-legal-assistance\\\/commercial-law\\\/\",\"name\":\"Commercial Law - Advokaadib\u00fcroo FINK\",\"isPartOf\":{\"@id\":\"https:\\\/\\\/fink.ee\\\/en\\\/#website\"},\"datePublished\":\"2020-03-09T14:05:24+00:00\",\"dateModified\":\"2024-02-16T08:02:35+00:00\",\"breadcrumb\":{\"@id\":\"https:\\\/\\\/fink.ee\\\/en\\\/fields-of-legal-assistance\\\/commercial-law\\\/#breadcrumb\"},\"inLanguage\":\"en-US\",\"potentialAction\":[{\"@type\":\"ReadAction\",\"target\":[\"https:\\\/\\\/fink.ee\\\/en\\\/fields-of-legal-assistance\\\/commercial-law\\\/\"]}]},{\"@type\":\"BreadcrumbList\",\"@id\":\"https:\\\/\\\/fink.ee\\\/en\\\/fields-of-legal-assistance\\\/commercial-law\\\/#breadcrumb\",\"itemListElement\":[{\"@type\":\"ListItem\",\"position\":1,\"name\":\"Home\",\"item\":\"https:\\\/\\\/fink.ee\\\/en\\\/\"},{\"@type\":\"ListItem\",\"position\":2,\"name\":\"Fields of Legal Assistance\",\"item\":\"https:\\\/\\\/fink.ee\\\/en\\\/fields-of-legal-assistance\\\/\"},{\"@type\":\"ListItem\",\"position\":3,\"name\":\"Commercial Law\"}]},{\"@type\":\"WebSite\",\"@id\":\"https:\\\/\\\/fink.ee\\\/en\\\/#website\",\"url\":\"https:\\\/\\\/fink.ee\\\/en\\\/\",\"name\":\"Advokaadib\u00fcroo FINK\",\"description\":\"\u00d5igusteenuse osutamine - Advokaadib\u00fcroo FINK\",\"potentialAction\":[{\"@type\":\"SearchAction\",\"target\":{\"@type\":\"EntryPoint\",\"urlTemplate\":\"https:\\\/\\\/fink.ee\\\/en\\\/?s={search_term_string}\"},\"query-input\":{\"@type\":\"PropertyValueSpecification\",\"valueRequired\":true,\"valueName\":\"search_term_string\"}}],\"inLanguage\":\"en-US\"}]}<\/script>\n<!-- \/ Yoast SEO plugin. -->","yoast_head_json":{"title":"Commercial Law - Advokaadib\u00fcroo FINK","robots":{"index":"index","follow":"follow","max-snippet":"max-snippet:-1","max-image-preview":"max-image-preview:large","max-video-preview":"max-video-preview:-1"},"canonical":"https:\/\/fink.ee\/en\/fields-of-legal-assistance\/commercial-law\/","og_locale":"en_US","og_type":"article","og_title":"Commercial Law - Advokaadib\u00fcroo FINK","og_url":"https:\/\/fink.ee\/en\/fields-of-legal-assistance\/commercial-law\/","og_site_name":"Advokaadib\u00fcroo FINK","article_publisher":"https:\/\/www.facebook.com\/Advokaadib%c3%bcroo-FINK-273392283178911\/?modal=admin_todo_tour","article_modified_time":"2024-02-16T08:02:35+00:00","twitter_card":"summary_large_image","twitter_misc":{"Est. reading time":"2 minutes"},"schema":{"@context":"https:\/\/schema.org","@graph":[{"@type":"WebPage","@id":"https:\/\/fink.ee\/en\/fields-of-legal-assistance\/commercial-law\/","url":"https:\/\/fink.ee\/en\/fields-of-legal-assistance\/commercial-law\/","name":"Commercial Law - Advokaadib\u00fcroo FINK","isPartOf":{"@id":"https:\/\/fink.ee\/en\/#website"},"datePublished":"2020-03-09T14:05:24+00:00","dateModified":"2024-02-16T08:02:35+00:00","breadcrumb":{"@id":"https:\/\/fink.ee\/en\/fields-of-legal-assistance\/commercial-law\/#breadcrumb"},"inLanguage":"en-US","potentialAction":[{"@type":"ReadAction","target":["https:\/\/fink.ee\/en\/fields-of-legal-assistance\/commercial-law\/"]}]},{"@type":"BreadcrumbList","@id":"https:\/\/fink.ee\/en\/fields-of-legal-assistance\/commercial-law\/#breadcrumb","itemListElement":[{"@type":"ListItem","position":1,"name":"Home","item":"https:\/\/fink.ee\/en\/"},{"@type":"ListItem","position":2,"name":"Fields of Legal Assistance","item":"https:\/\/fink.ee\/en\/fields-of-legal-assistance\/"},{"@type":"ListItem","position":3,"name":"Commercial Law"}]},{"@type":"WebSite","@id":"https:\/\/fink.ee\/en\/#website","url":"https:\/\/fink.ee\/en\/","name":"Advokaadib\u00fcroo FINK","description":"\u00d5igusteenuse osutamine - Advokaadib\u00fcroo FINK","potentialAction":[{"@type":"SearchAction","target":{"@type":"EntryPoint","urlTemplate":"https:\/\/fink.ee\/en\/?s={search_term_string}"},"query-input":{"@type":"PropertyValueSpecification","valueRequired":true,"valueName":"search_term_string"}}],"inLanguage":"en-US"}]}},"_links":{"self":[{"href":"https:\/\/fink.ee\/en\/wp-json\/wp\/v2\/pages\/1901","targetHints":{"allow":["GET"]}}],"collection":[{"href":"https:\/\/fink.ee\/en\/wp-json\/wp\/v2\/pages"}],"about":[{"href":"https:\/\/fink.ee\/en\/wp-json\/wp\/v2\/types\/page"}],"author":[{"embeddable":true,"href":"https:\/\/fink.ee\/en\/wp-json\/wp\/v2\/users\/2"}],"replies":[{"embeddable":true,"href":"https:\/\/fink.ee\/en\/wp-json\/wp\/v2\/comments?post=1901"}],"version-history":[{"count":0,"href":"https:\/\/fink.ee\/en\/wp-json\/wp\/v2\/pages\/1901\/revisions"}],"up":[{"embeddable":true,"href":"https:\/\/fink.ee\/en\/wp-json\/wp\/v2\/pages\/1854"}],"wp:attachment":[{"href":"https:\/\/fink.ee\/en\/wp-json\/wp\/v2\/media?parent=1901"}],"curies":[{"name":"wp","href":"https:\/\/api.w.org\/{rel}","templated":true}]}}