{"id":1896,"date":"2020-03-09T15:57:13","date_gmt":"2020-03-09T13:57:13","guid":{"rendered":"https:\/\/www.fink.ee\/?page_id=1896"},"modified":"2024-02-16T10:00:51","modified_gmt":"2024-02-16T08:00:51","slug":"real-estate","status":"publish","type":"page","link":"https:\/\/fink.ee\/en\/fields-of-legal-assistance\/real-estate\/","title":{"rendered":"Real Estate"},"content":{"rendered":"<h1>Legal assistance in real estate-related matters<\/h1>\n<p>Legal assistance in real estate-related matters. Advising and representing clients in all important topics related to real estate.<\/p>\n<p>Law Firm FINK advises and represents clients in matters related to real estate, including upon acquisition of real estate, preparation of contracts related to real estate, in construction and planning matters and in real estate disputes. Disputes related to real estate may be related to, among other things, disputing planning decisions, terminating common ownership, designation of an access road and disputes concerning a flatowner and a flatowners\u2019 association.<\/p>\n<p>Law Firm FINK provides legal assistance in real estate-related matters, among other things, in the following fields:<\/p>\n<ul>\n<li>Construction and plans<\/li>\n<li>Use and occupancy permit, application for a use and occupancy permit<\/li>\n<li>Building permit, application for a building permit<\/li>\n<li>Servitudes: real servitudes, usufruct, personal right of use<\/li>\n<li>Real estate transactions: sales contract, tenancy contract<\/li>\n<li>Common ownership: possession and use of common property, termination of common ownership<\/li>\n<li>Flat: relations between flatowners, rights and obligations of a flatowner<\/li>\n<li>Flatowners\u2019 association, statutory lien of a flatowners\u2019 association, general meeting of a flatowners\u2019 association, contesting a resolution of a flatowners\u2019 association<\/li>\n<li>Hidden defects. Representation in court in connection with the hidden defects of a purchased flat or house<\/li>\n<\/ul>\n<p>If a topic of your interest has not been mentioned here, do not hesitate to contact us nevertheless and enquire about it.<\/p>\n<p><strong>Phone:\u00a0\u00a0+372 501 2205<br \/>\n<\/strong><strong>Email:\u00a0\u00a0eve@fink.ee<\/strong><\/p>\n","protected":false},"excerpt":{"rendered":"<p>Legal assistance in real estate-related matters Legal assistance in real estate-related matters. Advising and representing clients in all important topics related to real estate. Law Firm FINK advises and represents clients in matters related to real estate, including upon acquisition of real estate, preparation of contracts related to real estate, in construction and planning matters  [&#8230;]<\/p>\n","protected":false},"author":2,"featured_media":0,"parent":1854,"menu_order":0,"comment_status":"closed","ping_status":"closed","template":"","meta":{"footnotes":""},"class_list":["post-1896","page","type-page","status-publish","hentry"],"yoast_head":"<!-- This site is optimized with the Yoast SEO plugin v27.4 - https:\/\/yoast.com\/product\/yoast-seo-wordpress\/ -->\n<title>Real Estate - Advokaadib\u00fcroo FINK<\/title>\n<meta name=\"robots\" content=\"index, follow, max-snippet:-1, max-image-preview:large, max-video-preview:-1\" \/>\n<link rel=\"canonical\" href=\"https:\/\/fink.ee\/en\/fields-of-legal-assistance\/real-estate\/\" \/>\n<meta property=\"og:locale\" content=\"en_US\" \/>\n<meta property=\"og:type\" content=\"article\" \/>\n<meta property=\"og:title\" content=\"Real Estate - Advokaadib\u00fcroo FINK\" \/>\n<meta property=\"og:description\" content=\"Legal assistance in real estate-related matters Legal assistance in real estate-related matters. Advising and representing clients in all important topics related to real estate. Law Firm FINK advises and represents clients in matters related to real estate, including upon acquisition of real estate, preparation of contracts related to real estate, in construction and planning matters [...]\" \/>\n<meta property=\"og:url\" content=\"https:\/\/fink.ee\/en\/fields-of-legal-assistance\/real-estate\/\" \/>\n<meta property=\"og:site_name\" content=\"Advokaadib\u00fcroo FINK\" \/>\n<meta property=\"article:publisher\" content=\"https:\/\/www.facebook.com\/Advokaadib%c3%bcroo-FINK-273392283178911\/?modal=admin_todo_tour\" \/>\n<meta property=\"article:modified_time\" content=\"2024-02-16T08:00:51+00:00\" \/>\n<meta name=\"twitter:card\" content=\"summary_large_image\" \/>\n<meta name=\"twitter:label1\" content=\"Est. reading time\" \/>\n\t<meta name=\"twitter:data1\" content=\"2 minutes\" \/>\n<script type=\"application\/ld+json\" class=\"yoast-schema-graph\">{\"@context\":\"https:\\\/\\\/schema.org\",\"@graph\":[{\"@type\":\"WebPage\",\"@id\":\"https:\\\/\\\/fink.ee\\\/en\\\/fields-of-legal-assistance\\\/real-estate\\\/\",\"url\":\"https:\\\/\\\/fink.ee\\\/en\\\/fields-of-legal-assistance\\\/real-estate\\\/\",\"name\":\"Real Estate - Advokaadib\u00fcroo FINK\",\"isPartOf\":{\"@id\":\"https:\\\/\\\/fink.ee\\\/en\\\/#website\"},\"datePublished\":\"2020-03-09T13:57:13+00:00\",\"dateModified\":\"2024-02-16T08:00:51+00:00\",\"breadcrumb\":{\"@id\":\"https:\\\/\\\/fink.ee\\\/en\\\/fields-of-legal-assistance\\\/real-estate\\\/#breadcrumb\"},\"inLanguage\":\"en-US\",\"potentialAction\":[{\"@type\":\"ReadAction\",\"target\":[\"https:\\\/\\\/fink.ee\\\/en\\\/fields-of-legal-assistance\\\/real-estate\\\/\"]}]},{\"@type\":\"BreadcrumbList\",\"@id\":\"https:\\\/\\\/fink.ee\\\/en\\\/fields-of-legal-assistance\\\/real-estate\\\/#breadcrumb\",\"itemListElement\":[{\"@type\":\"ListItem\",\"position\":1,\"name\":\"Home\",\"item\":\"https:\\\/\\\/fink.ee\\\/en\\\/\"},{\"@type\":\"ListItem\",\"position\":2,\"name\":\"Fields of Legal Assistance\",\"item\":\"https:\\\/\\\/fink.ee\\\/en\\\/fields-of-legal-assistance\\\/\"},{\"@type\":\"ListItem\",\"position\":3,\"name\":\"Real Estate\"}]},{\"@type\":\"WebSite\",\"@id\":\"https:\\\/\\\/fink.ee\\\/en\\\/#website\",\"url\":\"https:\\\/\\\/fink.ee\\\/en\\\/\",\"name\":\"Advokaadib\u00fcroo FINK\",\"description\":\"\u00d5igusteenuse osutamine - Advokaadib\u00fcroo FINK\",\"potentialAction\":[{\"@type\":\"SearchAction\",\"target\":{\"@type\":\"EntryPoint\",\"urlTemplate\":\"https:\\\/\\\/fink.ee\\\/en\\\/?s={search_term_string}\"},\"query-input\":{\"@type\":\"PropertyValueSpecification\",\"valueRequired\":true,\"valueName\":\"search_term_string\"}}],\"inLanguage\":\"en-US\"}]}<\/script>\n<!-- \/ Yoast SEO plugin. -->","yoast_head_json":{"title":"Real Estate - Advokaadib\u00fcroo FINK","robots":{"index":"index","follow":"follow","max-snippet":"max-snippet:-1","max-image-preview":"max-image-preview:large","max-video-preview":"max-video-preview:-1"},"canonical":"https:\/\/fink.ee\/en\/fields-of-legal-assistance\/real-estate\/","og_locale":"en_US","og_type":"article","og_title":"Real Estate - Advokaadib\u00fcroo FINK","og_description":"Legal assistance in real estate-related matters Legal assistance in real estate-related matters. Advising and representing clients in all important topics related to real estate. Law Firm FINK advises and represents clients in matters related to real estate, including upon acquisition of real estate, preparation of contracts related to real estate, in construction and planning matters [...]","og_url":"https:\/\/fink.ee\/en\/fields-of-legal-assistance\/real-estate\/","og_site_name":"Advokaadib\u00fcroo FINK","article_publisher":"https:\/\/www.facebook.com\/Advokaadib%c3%bcroo-FINK-273392283178911\/?modal=admin_todo_tour","article_modified_time":"2024-02-16T08:00:51+00:00","twitter_card":"summary_large_image","twitter_misc":{"Est. reading time":"2 minutes"},"schema":{"@context":"https:\/\/schema.org","@graph":[{"@type":"WebPage","@id":"https:\/\/fink.ee\/en\/fields-of-legal-assistance\/real-estate\/","url":"https:\/\/fink.ee\/en\/fields-of-legal-assistance\/real-estate\/","name":"Real Estate - Advokaadib\u00fcroo FINK","isPartOf":{"@id":"https:\/\/fink.ee\/en\/#website"},"datePublished":"2020-03-09T13:57:13+00:00","dateModified":"2024-02-16T08:00:51+00:00","breadcrumb":{"@id":"https:\/\/fink.ee\/en\/fields-of-legal-assistance\/real-estate\/#breadcrumb"},"inLanguage":"en-US","potentialAction":[{"@type":"ReadAction","target":["https:\/\/fink.ee\/en\/fields-of-legal-assistance\/real-estate\/"]}]},{"@type":"BreadcrumbList","@id":"https:\/\/fink.ee\/en\/fields-of-legal-assistance\/real-estate\/#breadcrumb","itemListElement":[{"@type":"ListItem","position":1,"name":"Home","item":"https:\/\/fink.ee\/en\/"},{"@type":"ListItem","position":2,"name":"Fields of Legal Assistance","item":"https:\/\/fink.ee\/en\/fields-of-legal-assistance\/"},{"@type":"ListItem","position":3,"name":"Real Estate"}]},{"@type":"WebSite","@id":"https:\/\/fink.ee\/en\/#website","url":"https:\/\/fink.ee\/en\/","name":"Advokaadib\u00fcroo FINK","description":"\u00d5igusteenuse osutamine - Advokaadib\u00fcroo FINK","potentialAction":[{"@type":"SearchAction","target":{"@type":"EntryPoint","urlTemplate":"https:\/\/fink.ee\/en\/?s={search_term_string}"},"query-input":{"@type":"PropertyValueSpecification","valueRequired":true,"valueName":"search_term_string"}}],"inLanguage":"en-US"}]}},"_links":{"self":[{"href":"https:\/\/fink.ee\/en\/wp-json\/wp\/v2\/pages\/1896","targetHints":{"allow":["GET"]}}],"collection":[{"href":"https:\/\/fink.ee\/en\/wp-json\/wp\/v2\/pages"}],"about":[{"href":"https:\/\/fink.ee\/en\/wp-json\/wp\/v2\/types\/page"}],"author":[{"embeddable":true,"href":"https:\/\/fink.ee\/en\/wp-json\/wp\/v2\/users\/2"}],"replies":[{"embeddable":true,"href":"https:\/\/fink.ee\/en\/wp-json\/wp\/v2\/comments?post=1896"}],"version-history":[{"count":0,"href":"https:\/\/fink.ee\/en\/wp-json\/wp\/v2\/pages\/1896\/revisions"}],"up":[{"embeddable":true,"href":"https:\/\/fink.ee\/en\/wp-json\/wp\/v2\/pages\/1854"}],"wp:attachment":[{"href":"https:\/\/fink.ee\/en\/wp-json\/wp\/v2\/media?parent=1896"}],"curies":[{"name":"wp","href":"https:\/\/api.w.org\/{rel}","templated":true}]}}