{"id":1884,"date":"2020-03-09T15:45:01","date_gmt":"2020-03-09T13:45:01","guid":{"rendered":"https:\/\/www.fink.ee\/?page_id=1884"},"modified":"2020-03-09T15:45:01","modified_gmt":"2020-03-09T13:45:01","slug":"thank-you-contracts","status":"publish","type":"page","link":"https:\/\/fink.ee\/en\/thank-you-contracts\/","title":{"rendered":"Thank You! (CONTRACTS)"},"content":{"rendered":"<p>Hello!<\/p>\n<p>Your request has been submitted! We will contact you within 24 hours.<\/p>\n<p>In the meantime, wishing you all the best<\/p>\n<p>Law firm FINK<\/p>\n","protected":false},"excerpt":{"rendered":"<p>Hello! Your request has been submitted! We will contact you within 24 hours. In the meantime, wishing you all the best Law firm FINK<\/p>\n","protected":false},"author":2,"featured_media":0,"parent":0,"menu_order":0,"comment_status":"closed","ping_status":"closed","template":"","meta":{"footnotes":""},"class_list":["post-1884","page","type-page","status-publish","hentry"],"yoast_head":"<!-- This site is optimized with the Yoast SEO plugin v27.4 - https:\/\/yoast.com\/product\/yoast-seo-wordpress\/ -->\n<title>Thank You! (CONTRACTS) - Advokaadib\u00fcroo FINK<\/title>\n<meta name=\"robots\" content=\"noindex, nofollow\" \/>\n<meta property=\"og:locale\" content=\"en_US\" \/>\n<meta property=\"og:type\" content=\"article\" \/>\n<meta property=\"og:title\" content=\"Thank You! (CONTRACTS) - Advokaadib\u00fcroo FINK\" \/>\n<meta property=\"og:description\" content=\"Hello! Your request has been submitted! We will contact you within 24 hours. In the meantime, wishing you all the best Law firm FINK\" \/>\n<meta property=\"og:url\" content=\"https:\/\/fink.ee\/en\/thank-you-contracts\/\" \/>\n<meta property=\"og:site_name\" content=\"Advokaadib\u00fcroo FINK\" \/>\n<meta property=\"article:publisher\" content=\"https:\/\/www.facebook.com\/Advokaadib%c3%bcroo-FINK-273392283178911\/?modal=admin_todo_tour\" \/>\n<meta name=\"twitter:card\" content=\"summary_large_image\" \/>\n<script type=\"application\/ld+json\" class=\"yoast-schema-graph\">{\"@context\":\"https:\\\/\\\/schema.org\",\"@graph\":[{\"@type\":\"WebPage\",\"@id\":\"https:\\\/\\\/fink.ee\\\/en\\\/thank-you-contracts\\\/\",\"url\":\"https:\\\/\\\/fink.ee\\\/en\\\/thank-you-contracts\\\/\",\"name\":\"Thank You! (CONTRACTS) - Advokaadib\u00fcroo FINK\",\"isPartOf\":{\"@id\":\"https:\\\/\\\/fink.ee\\\/en\\\/#website\"},\"datePublished\":\"2020-03-09T13:45:01+00:00\",\"breadcrumb\":{\"@id\":\"https:\\\/\\\/fink.ee\\\/en\\\/thank-you-contracts\\\/#breadcrumb\"},\"inLanguage\":\"en-US\",\"potentialAction\":[{\"@type\":\"ReadAction\",\"target\":[\"https:\\\/\\\/fink.ee\\\/en\\\/thank-you-contracts\\\/\"]}]},{\"@type\":\"BreadcrumbList\",\"@id\":\"https:\\\/\\\/fink.ee\\\/en\\\/thank-you-contracts\\\/#breadcrumb\",\"itemListElement\":[{\"@type\":\"ListItem\",\"position\":1,\"name\":\"Home\",\"item\":\"https:\\\/\\\/fink.ee\\\/en\\\/\"},{\"@type\":\"ListItem\",\"position\":2,\"name\":\"Thank You! (CONTRACTS)\"}]},{\"@type\":\"WebSite\",\"@id\":\"https:\\\/\\\/fink.ee\\\/en\\\/#website\",\"url\":\"https:\\\/\\\/fink.ee\\\/en\\\/\",\"name\":\"Advokaadib\u00fcroo FINK\",\"description\":\"\u00d5igusteenuse osutamine - Advokaadib\u00fcroo FINK\",\"potentialAction\":[{\"@type\":\"SearchAction\",\"target\":{\"@type\":\"EntryPoint\",\"urlTemplate\":\"https:\\\/\\\/fink.ee\\\/en\\\/?s={search_term_string}\"},\"query-input\":{\"@type\":\"PropertyValueSpecification\",\"valueRequired\":true,\"valueName\":\"search_term_string\"}}],\"inLanguage\":\"en-US\"}]}<\/script>\n<!-- \/ Yoast SEO plugin. -->","yoast_head_json":{"title":"Thank You! (CONTRACTS) - Advokaadib\u00fcroo FINK","robots":{"index":"noindex","follow":"nofollow"},"og_locale":"en_US","og_type":"article","og_title":"Thank You! (CONTRACTS) - Advokaadib\u00fcroo FINK","og_description":"Hello! Your request has been submitted! We will contact you within 24 hours. In the meantime, wishing you all the best Law firm FINK","og_url":"https:\/\/fink.ee\/en\/thank-you-contracts\/","og_site_name":"Advokaadib\u00fcroo FINK","article_publisher":"https:\/\/www.facebook.com\/Advokaadib%c3%bcroo-FINK-273392283178911\/?modal=admin_todo_tour","twitter_card":"summary_large_image","schema":{"@context":"https:\/\/schema.org","@graph":[{"@type":"WebPage","@id":"https:\/\/fink.ee\/en\/thank-you-contracts\/","url":"https:\/\/fink.ee\/en\/thank-you-contracts\/","name":"Thank You! (CONTRACTS) - Advokaadib\u00fcroo FINK","isPartOf":{"@id":"https:\/\/fink.ee\/en\/#website"},"datePublished":"2020-03-09T13:45:01+00:00","breadcrumb":{"@id":"https:\/\/fink.ee\/en\/thank-you-contracts\/#breadcrumb"},"inLanguage":"en-US","potentialAction":[{"@type":"ReadAction","target":["https:\/\/fink.ee\/en\/thank-you-contracts\/"]}]},{"@type":"BreadcrumbList","@id":"https:\/\/fink.ee\/en\/thank-you-contracts\/#breadcrumb","itemListElement":[{"@type":"ListItem","position":1,"name":"Home","item":"https:\/\/fink.ee\/en\/"},{"@type":"ListItem","position":2,"name":"Thank You! (CONTRACTS)"}]},{"@type":"WebSite","@id":"https:\/\/fink.ee\/en\/#website","url":"https:\/\/fink.ee\/en\/","name":"Advokaadib\u00fcroo FINK","description":"\u00d5igusteenuse osutamine - Advokaadib\u00fcroo FINK","potentialAction":[{"@type":"SearchAction","target":{"@type":"EntryPoint","urlTemplate":"https:\/\/fink.ee\/en\/?s={search_term_string}"},"query-input":{"@type":"PropertyValueSpecification","valueRequired":true,"valueName":"search_term_string"}}],"inLanguage":"en-US"}]}},"_links":{"self":[{"href":"https:\/\/fink.ee\/en\/wp-json\/wp\/v2\/pages\/1884","targetHints":{"allow":["GET"]}}],"collection":[{"href":"https:\/\/fink.ee\/en\/wp-json\/wp\/v2\/pages"}],"about":[{"href":"https:\/\/fink.ee\/en\/wp-json\/wp\/v2\/types\/page"}],"author":[{"embeddable":true,"href":"https:\/\/fink.ee\/en\/wp-json\/wp\/v2\/users\/2"}],"replies":[{"embeddable":true,"href":"https:\/\/fink.ee\/en\/wp-json\/wp\/v2\/comments?post=1884"}],"version-history":[{"count":0,"href":"https:\/\/fink.ee\/en\/wp-json\/wp\/v2\/pages\/1884\/revisions"}],"wp:attachment":[{"href":"https:\/\/fink.ee\/en\/wp-json\/wp\/v2\/media?parent=1884"}],"curies":[{"name":"wp","href":"https:\/\/api.w.org\/{rel}","templated":true}]}}