{"id":1846,"date":"2020-03-09T14:47:01","date_gmt":"2020-03-09T12:47:01","guid":{"rendered":"https:\/\/www.fink.ee\/?page_id=1846"},"modified":"2020-03-09T14:57:32","modified_gmt":"2020-03-09T12:57:32","slug":"attorney","status":"publish","type":"page","link":"https:\/\/fink.ee\/en\/attorney\/","title":{"rendered":"Attorney"},"content":{"rendered":"<p><div class=\"fusion-fullwidth fullwidth-box fusion-builder-row-1 nonhundred-percent-fullwidth non-hundred-percent-height-scrolling\" style=\"--awb-background-position:left top;--awb-border-radius-top-left:0px;--awb-border-radius-top-right:0px;--awb-border-radius-bottom-right:0px;--awb-border-radius-bottom-left:0px;--awb-padding-top:30px;--awb-padding-bottom:0px;--awb-margin-top:-50px;--awb-border-sizes-top:0px;--awb-border-sizes-bottom:0px;--awb-flex-wrap:wrap;\" ><div class=\"fusion-builder-row fusion-row\"><div class=\"fusion-layout-column fusion_builder_column fusion-builder-column-0 fusion_builder_column_1_1 1_1 fusion-one-full fusion-column-first fusion-column-last fusion-column-no-min-height\" style=\"--awb-bg-size:cover;--awb-margin-bottom:0px;\"><div class=\"fusion-column-wrapper fusion-flex-column-wrapper-legacy\"><div class=\"fusion-sep-clear\"><\/div><div class=\"fusion-separator fusion-full-width-sep\" style=\"margin-left: auto;margin-right: auto;margin-top:0px;margin-bottom:0px;width:100%;\"><div class=\"fusion-separator-border sep-single sep-solid\" style=\"--awb-height:20px;--awb-amount:20px;--awb-sep-color:#55a098;border-color:#55a098;border-top-width:5px;\"><\/div><\/div><div class=\"fusion-sep-clear\"><\/div><div class=\"fusion-clearfix\"><\/div><\/div><\/div><div class=\"fusion-layout-column fusion_builder_column fusion-builder-column-1 fusion_builder_column_1_1 1_1 fusion-one-full fusion-column-first fusion-column-last green-border rounded-border\" style=\"--awb-padding-top:30px;--awb-padding-right:30px;--awb-padding-bottom:30px;--awb-padding-left:30px;--awb-bg-color:#ffffff;--awb-bg-color-hover:#ffffff;--awb-bg-size:cover;--awb-border-color:#e2e2e2;--awb-border-top:1px;--awb-border-right:1px;--awb-border-bottom:1px;--awb-border-left:1px;--awb-border-style:solid;\"><div class=\"fusion-column-wrapper fusion-flex-column-wrapper-legacy\"><div class=\"fusion-text fusion-text-1\"><p style=\"text-align: left;\"><img decoding=\"async\" class=\"wp-image-1473 size-medium alignright\" style=\"margin-right: 60px;\" src=\"https:\/\/www.fink.ee\/wp-content\/uploads\/2018\/11\/Eve-Fink_2018_veeb_raamatud-300x200.jpg\" alt=\"\" width=\"300\" height=\"200\" srcset=\"https:\/\/fink.ee\/wp-content\/uploads\/2018\/11\/Eve-Fink_2018_veeb_raamatud-200x133.jpg 200w, https:\/\/fink.ee\/wp-content\/uploads\/2018\/11\/Eve-Fink_2018_veeb_raamatud-300x200.jpg 300w, https:\/\/fink.ee\/wp-content\/uploads\/2018\/11\/Eve-Fink_2018_veeb_raamatud-400x267.jpg 400w, https:\/\/fink.ee\/wp-content\/uploads\/2018\/11\/Eve-Fink_2018_veeb_raamatud-600x400.jpg 600w, https:\/\/fink.ee\/wp-content\/uploads\/2018\/11\/Eve-Fink_2018_veeb_raamatud-768x512.jpg 768w, https:\/\/fink.ee\/wp-content\/uploads\/2018\/11\/Eve-Fink_2018_veeb_raamatud-800x533.jpg 800w, https:\/\/fink.ee\/wp-content\/uploads\/2018\/11\/Eve-Fink_2018_veeb_raamatud-1024x683.jpg 1024w, https:\/\/fink.ee\/wp-content\/uploads\/2018\/11\/Eve-Fink_2018_veeb_raamatud-1200x800.jpg 1200w, https:\/\/fink.ee\/wp-content\/uploads\/2018\/11\/Eve-Fink_2018_veeb_raamatud.jpg 2500w\" sizes=\"(max-width: 300px) 100vw, 300px\" \/><\/p>\n<h3><\/h3>\n<h1 style=\"text-align: left; margin-top: -20px;\">ATTORNEY-AT-LAW EVE FINK, PhD<\/h1>\n<p style=\"text-align: left; margin-top: -20px;\">You can reach me by telephone +372 501 2205 or e-mail <a href=\"mailto:eve@fink.ee\" target=\"_blank\" rel=\"noopener noreferrer\">eve@fink.ee<\/a>.<\/p>\n<p style=\"font-weight: 400;\">My manyfold alma mater is the University of Tartu. After graduating from the Faculty of Law, I started working as a lawyer in 1993. I have defended a doctoral dissertation on EU law. I also hold a Master\u2019s degree in Business Administration (strategic management).<\/p>\n<p>In my work as an attorney, I specialise in defending individuals\u2019 and economic operators\u2019 rights.<\/p>\n<p style=\"font-weight: 400;\">I speak Estonian, English, Russian and Finnish.<\/p>\n<\/div><div class=\"fusion-sep-clear\"><\/div><div class=\"fusion-separator fusion-full-width-sep\" style=\"margin-left: auto;margin-right: auto;margin-top:0px;margin-bottom:0px;width:100%;\"><\/div><div class=\"fusion-sep-clear\"><\/div><div class=\"fusion-clearfix\"><\/div><\/div><\/div><\/div><\/div><div class=\"fusion-fullwidth fullwidth-box fusion-builder-row-2 nonhundred-percent-fullwidth non-hundred-percent-height-scrolling fusion-equal-height-columns\" style=\"--awb-background-position:left top;--awb-border-radius-top-left:0px;--awb-border-radius-top-right:0px;--awb-border-radius-bottom-right:0px;--awb-border-radius-bottom-left:0px;--awb-padding-top:20px;--awb-padding-bottom:30px;--awb-border-sizes-top:0px;--awb-border-sizes-bottom:0px;--awb-flex-wrap:wrap;\" ><div class=\"fusion-builder-row fusion-row\"><div class=\"fusion-layout-column fusion_builder_column fusion-builder-column-2 fusion_builder_column_1_3 1_3 fusion-one-third fusion-column-first rounded-border\" style=\"--awb-padding-top:20px;--awb-padding-right:20px;--awb-padding-bottom:20px;--awb-padding-left:20px;--awb-bg-color:#ffffff;--awb-bg-color-hover:#ffffff;--awb-bg-size:cover;--awb-border-color:#e2e2e2;--awb-border-top:1px;--awb-border-right:1px;--awb-border-bottom:1px;--awb-border-left:1px;--awb-border-style:solid;width:33.3333333333%;width:calc(33.3333333333% - ( ( 1% + 1% ) * 0.333333333333 ) );margin-right: 1%;\"><div class=\"fusion-column-wrapper fusion-flex-column-wrapper-legacy\"><div class=\"fusion-text fusion-text-2\"><h4 style=\"text-align: center;\">ATTORNEY-AT-LAW<\/h4>\n<p style=\"text-align: center;\">In Estonia, legal services under the professional name of an attorney (advokaat) may be provided solely by members of the Estonian Bar Association. Members of the Bar Association include attorneys-at-law (vandeadvokaat) and assistant attorneys-at-law (vandeadvokaadi abi).\u00a0 In certain situations, only an attorney-at-law is legally entitled to act. For instance, in civil claim proceedings in the Supreme Court, a party to the proceedings may take procedural steps and file declarations and requests only via an attorney-at-law.<\/p>\n<\/div><div class=\"fusion-clearfix\"><\/div><\/div><\/div><div class=\"fusion-layout-column fusion_builder_column fusion-builder-column-3 fusion_builder_column_1_3 1_3 fusion-one-third rounded-border\" style=\"--awb-padding-top:20px;--awb-padding-right:20px;--awb-padding-bottom:20px;--awb-padding-left:20px;--awb-bg-color:#ffffff;--awb-bg-color-hover:#ffffff;--awb-bg-size:cover;--awb-border-color:#e2e2e2;--awb-border-top:1px;--awb-border-right:1px;--awb-border-bottom:1px;--awb-border-left:1px;--awb-border-style:solid;width:33.3333333333%;width:calc(33.3333333333% - ( ( 1% + 1% ) * 0.333333333333 ) );margin-right: 1%;\"><div class=\"fusion-column-wrapper fusion-flex-column-wrapper-legacy\"><div class=\"fusion-text fusion-text-3\"><h4 style=\"text-align: center;\">CONFIDENTIALITY<\/h4>\n<p style=\"text-align: center;\">An attorney is required to maintain the confidentiality of data disclosed to them by upon provision of legal services, the fact that they have been addressed for the purpose of receiving legal services and the size of the fee paid for legal services. The professional confidentiality obligation does not have a time limit and it remains in force after the termination of the professional activities of the attorney. This means that you can be confident that an attorney will not disclose the fact that you contacted them.<\/p>\n<\/div><div class=\"fusion-clearfix\"><\/div><\/div><\/div><div class=\"fusion-layout-column fusion_builder_column fusion-builder-column-4 fusion_builder_column_1_3 1_3 fusion-one-third fusion-column-last rounded-border\" style=\"--awb-padding-top:20px;--awb-padding-right:20px;--awb-padding-bottom:20px;--awb-padding-left:20px;--awb-bg-color:#ffffff;--awb-bg-color-hover:#ffffff;--awb-bg-size:cover;--awb-border-color:#e2e2e2;--awb-border-top:1px;--awb-border-right:1px;--awb-border-bottom:1px;--awb-border-left:1px;--awb-border-style:solid;width:33.3333333333%;width:calc(33.3333333333% - ( ( 1% + 1% ) * 0.333333333333 ) );\"><div class=\"fusion-column-wrapper fusion-flex-column-wrapper-legacy\"><div class=\"fusion-text fusion-text-4\"><h4 style=\"text-align: center;\">ATTORNEY\u2019S FEE<\/h4>\n<p style=\"text-align: center;\">The attorney\u2019s fee is a matter of agreement. The fee is agreed on in the client agreement. Usually, Law Firm FINK charges an hourly rate but Estonian law also allows for agreeing on a fixed total fee. A proportional fee, i.e. a portion of the client\u2019s gains obtained owing to the provision of legal services is also permitted.<\/p>\n<\/div><div class=\"fusion-clearfix\"><\/div><\/div><\/div><\/div><\/div><div class=\"fusion-fullwidth fullwidth-box fusion-builder-row-3 nonhundred-percent-fullwidth non-hundred-percent-height-scrolling\" style=\"--awb-background-position:left top;--awb-border-color:#e2e2e2;--awb-border-radius-top-left:0px;--awb-border-radius-top-right:0px;--awb-border-radius-bottom-right:0px;--awb-border-radius-bottom-left:0px;--awb-padding-top:10px;--awb-padding-bottom:10px;--awb-background-color:#ffffff;--awb-border-sizes-top:0px;--awb-border-sizes-bottom:0px;--awb-flex-wrap:wrap;\" ><div class=\"fusion-builder-row fusion-row\"><div class=\"fusion-layout-column fusion_builder_column fusion-builder-column-5 fusion_builder_column_1_1 1_1 fusion-one-full fusion-column-first fusion-column-last fusion-column-no-min-height\" style=\"--awb-bg-size:cover;--awb-margin-bottom:0px;\"><div class=\"fusion-column-wrapper fusion-flex-column-wrapper-legacy\"><div class=\"fusion-aligncenter\"><a class=\"fusion-button button-flat button-xlarge button-default fusion-button-default button-1 fusion-button-default-span \" style=\"--button-border-radius-top-left:0;--button-border-radius-top-right:0;--button-border-radius-bottom-right:0;--button-border-radius-bottom-left:0;\" target=\"_self\" href=\"https:\/\/www.fink.ee\/en\/contact\/\"><span class=\"fusion-button-text awb-button__text awb-button__text--default\">NEED AN ATTORNEY? CONTACT US HERE!<\/span><i class=\"fa-caret-right fas awb-button__icon awb-button__icon--default button-icon-right\" aria-hidden=\"true\"><\/i><\/a><\/div><div class=\"fusion-clearfix\"><\/div><\/div><\/div><\/div><\/div><\/p>\n","protected":false},"excerpt":{"rendered":"","protected":false},"author":2,"featured_media":0,"parent":0,"menu_order":0,"comment_status":"closed","ping_status":"closed","template":"100-width.php","meta":{"footnotes":""},"class_list":["post-1846","page","type-page","status-publish","hentry"],"yoast_head":"<!-- This site is optimized with the Yoast SEO plugin v27.4 - https:\/\/yoast.com\/product\/yoast-seo-wordpress\/ -->\n<title>Attorney - Advokaadib\u00fcroo FINK<\/title>\n<meta name=\"robots\" content=\"index, follow, max-snippet:-1, max-image-preview:large, max-video-preview:-1\" \/>\n<link rel=\"canonical\" href=\"https:\/\/fink.ee\/en\/attorney\/\" \/>\n<meta property=\"og:locale\" content=\"en_US\" \/>\n<meta property=\"og:type\" content=\"article\" \/>\n<meta property=\"og:title\" content=\"Attorney - Advokaadib\u00fcroo FINK\" \/>\n<meta property=\"og:url\" content=\"https:\/\/fink.ee\/en\/attorney\/\" \/>\n<meta property=\"og:site_name\" content=\"Advokaadib\u00fcroo FINK\" \/>\n<meta property=\"article:publisher\" content=\"https:\/\/www.facebook.com\/Advokaadib%c3%bcroo-FINK-273392283178911\/?modal=admin_todo_tour\" \/>\n<meta property=\"article:modified_time\" content=\"2020-03-09T12:57:32+00:00\" \/>\n<meta property=\"og:image\" content=\"https:\/\/www.fink.ee\/wp-content\/uploads\/2018\/11\/Eve-Fink_2018_veeb_raamatud-300x200.jpg\" \/>\n<meta name=\"twitter:card\" content=\"summary_large_image\" \/>\n<meta name=\"twitter:label1\" content=\"Est. reading time\" \/>\n\t<meta name=\"twitter:data1\" content=\"7 minutes\" \/>\n<script type=\"application\/ld+json\" class=\"yoast-schema-graph\">{\"@context\":\"https:\\\/\\\/schema.org\",\"@graph\":[{\"@type\":\"WebPage\",\"@id\":\"https:\\\/\\\/fink.ee\\\/en\\\/attorney\\\/\",\"url\":\"https:\\\/\\\/fink.ee\\\/en\\\/attorney\\\/\",\"name\":\"Attorney - Advokaadib\u00fcroo FINK\",\"isPartOf\":{\"@id\":\"https:\\\/\\\/fink.ee\\\/en\\\/#website\"},\"primaryImageOfPage\":{\"@id\":\"https:\\\/\\\/fink.ee\\\/en\\\/attorney\\\/#primaryimage\"},\"image\":{\"@id\":\"https:\\\/\\\/fink.ee\\\/en\\\/attorney\\\/#primaryimage\"},\"thumbnailUrl\":\"https:\\\/\\\/www.fink.ee\\\/wp-content\\\/uploads\\\/2018\\\/11\\\/Eve-Fink_2018_veeb_raamatud-300x200.jpg\",\"datePublished\":\"2020-03-09T12:47:01+00:00\",\"dateModified\":\"2020-03-09T12:57:32+00:00\",\"breadcrumb\":{\"@id\":\"https:\\\/\\\/fink.ee\\\/en\\\/attorney\\\/#breadcrumb\"},\"inLanguage\":\"en-US\",\"potentialAction\":[{\"@type\":\"ReadAction\",\"target\":[\"https:\\\/\\\/fink.ee\\\/en\\\/attorney\\\/\"]}]},{\"@type\":\"ImageObject\",\"inLanguage\":\"en-US\",\"@id\":\"https:\\\/\\\/fink.ee\\\/en\\\/attorney\\\/#primaryimage\",\"url\":\"https:\\\/\\\/www.fink.ee\\\/wp-content\\\/uploads\\\/2018\\\/11\\\/Eve-Fink_2018_veeb_raamatud-300x200.jpg\",\"contentUrl\":\"https:\\\/\\\/www.fink.ee\\\/wp-content\\\/uploads\\\/2018\\\/11\\\/Eve-Fink_2018_veeb_raamatud-300x200.jpg\"},{\"@type\":\"BreadcrumbList\",\"@id\":\"https:\\\/\\\/fink.ee\\\/en\\\/attorney\\\/#breadcrumb\",\"itemListElement\":[{\"@type\":\"ListItem\",\"position\":1,\"name\":\"Home\",\"item\":\"https:\\\/\\\/fink.ee\\\/en\\\/\"},{\"@type\":\"ListItem\",\"position\":2,\"name\":\"Attorney\"}]},{\"@type\":\"WebSite\",\"@id\":\"https:\\\/\\\/fink.ee\\\/en\\\/#website\",\"url\":\"https:\\\/\\\/fink.ee\\\/en\\\/\",\"name\":\"Advokaadib\u00fcroo FINK\",\"description\":\"\u00d5igusteenuse osutamine - Advokaadib\u00fcroo FINK\",\"potentialAction\":[{\"@type\":\"SearchAction\",\"target\":{\"@type\":\"EntryPoint\",\"urlTemplate\":\"https:\\\/\\\/fink.ee\\\/en\\\/?s={search_term_string}\"},\"query-input\":{\"@type\":\"PropertyValueSpecification\",\"valueRequired\":true,\"valueName\":\"search_term_string\"}}],\"inLanguage\":\"en-US\"}]}<\/script>\n<!-- \/ Yoast SEO plugin. -->","yoast_head_json":{"title":"Attorney - Advokaadib\u00fcroo FINK","robots":{"index":"index","follow":"follow","max-snippet":"max-snippet:-1","max-image-preview":"max-image-preview:large","max-video-preview":"max-video-preview:-1"},"canonical":"https:\/\/fink.ee\/en\/attorney\/","og_locale":"en_US","og_type":"article","og_title":"Attorney - Advokaadib\u00fcroo FINK","og_url":"https:\/\/fink.ee\/en\/attorney\/","og_site_name":"Advokaadib\u00fcroo FINK","article_publisher":"https:\/\/www.facebook.com\/Advokaadib%c3%bcroo-FINK-273392283178911\/?modal=admin_todo_tour","article_modified_time":"2020-03-09T12:57:32+00:00","og_image":[{"url":"https:\/\/www.fink.ee\/wp-content\/uploads\/2018\/11\/Eve-Fink_2018_veeb_raamatud-300x200.jpg","type":"","width":"","height":""}],"twitter_card":"summary_large_image","twitter_misc":{"Est. reading time":"7 minutes"},"schema":{"@context":"https:\/\/schema.org","@graph":[{"@type":"WebPage","@id":"https:\/\/fink.ee\/en\/attorney\/","url":"https:\/\/fink.ee\/en\/attorney\/","name":"Attorney - Advokaadib\u00fcroo FINK","isPartOf":{"@id":"https:\/\/fink.ee\/en\/#website"},"primaryImageOfPage":{"@id":"https:\/\/fink.ee\/en\/attorney\/#primaryimage"},"image":{"@id":"https:\/\/fink.ee\/en\/attorney\/#primaryimage"},"thumbnailUrl":"https:\/\/www.fink.ee\/wp-content\/uploads\/2018\/11\/Eve-Fink_2018_veeb_raamatud-300x200.jpg","datePublished":"2020-03-09T12:47:01+00:00","dateModified":"2020-03-09T12:57:32+00:00","breadcrumb":{"@id":"https:\/\/fink.ee\/en\/attorney\/#breadcrumb"},"inLanguage":"en-US","potentialAction":[{"@type":"ReadAction","target":["https:\/\/fink.ee\/en\/attorney\/"]}]},{"@type":"ImageObject","inLanguage":"en-US","@id":"https:\/\/fink.ee\/en\/attorney\/#primaryimage","url":"https:\/\/www.fink.ee\/wp-content\/uploads\/2018\/11\/Eve-Fink_2018_veeb_raamatud-300x200.jpg","contentUrl":"https:\/\/www.fink.ee\/wp-content\/uploads\/2018\/11\/Eve-Fink_2018_veeb_raamatud-300x200.jpg"},{"@type":"BreadcrumbList","@id":"https:\/\/fink.ee\/en\/attorney\/#breadcrumb","itemListElement":[{"@type":"ListItem","position":1,"name":"Home","item":"https:\/\/fink.ee\/en\/"},{"@type":"ListItem","position":2,"name":"Attorney"}]},{"@type":"WebSite","@id":"https:\/\/fink.ee\/en\/#website","url":"https:\/\/fink.ee\/en\/","name":"Advokaadib\u00fcroo FINK","description":"\u00d5igusteenuse osutamine - Advokaadib\u00fcroo FINK","potentialAction":[{"@type":"SearchAction","target":{"@type":"EntryPoint","urlTemplate":"https:\/\/fink.ee\/en\/?s={search_term_string}"},"query-input":{"@type":"PropertyValueSpecification","valueRequired":true,"valueName":"search_term_string"}}],"inLanguage":"en-US"}]}},"_links":{"self":[{"href":"https:\/\/fink.ee\/en\/wp-json\/wp\/v2\/pages\/1846","targetHints":{"allow":["GET"]}}],"collection":[{"href":"https:\/\/fink.ee\/en\/wp-json\/wp\/v2\/pages"}],"about":[{"href":"https:\/\/fink.ee\/en\/wp-json\/wp\/v2\/types\/page"}],"author":[{"embeddable":true,"href":"https:\/\/fink.ee\/en\/wp-json\/wp\/v2\/users\/2"}],"replies":[{"embeddable":true,"href":"https:\/\/fink.ee\/en\/wp-json\/wp\/v2\/comments?post=1846"}],"version-history":[{"count":0,"href":"https:\/\/fink.ee\/en\/wp-json\/wp\/v2\/pages\/1846\/revisions"}],"wp:attachment":[{"href":"https:\/\/fink.ee\/en\/wp-json\/wp\/v2\/media?parent=1846"}],"curies":[{"name":"wp","href":"https:\/\/api.w.org\/{rel}","templated":true}]}}