{"id":1824,"date":"2020-03-09T13:51:34","date_gmt":"2020-03-09T11:51:34","guid":{"rendered":"https:\/\/www.fink.ee\/?page_id=1824"},"modified":"2020-03-11T15:33:03","modified_gmt":"2020-03-11T13:33:03","slug":"legal-notice-terms-of-use-and-privacy-policy-of-the-website-of-advokaadiburoo-fink-ou","status":"publish","type":"page","link":"https:\/\/fink.ee\/en\/legal-notice-terms-of-use-and-privacy-policy-of-the-website-of-advokaadiburoo-fink-ou\/","title":{"rendered":"Legal notice: Terms of Use and Privacy Policy of the Website of Advokaadib\u00fcroo FINK O\u00dc"},"content":{"rendered":"<div class=\"fusion-fullwidth fullwidth-box fusion-builder-row-1 nonhundred-percent-fullwidth non-hundred-percent-height-scrolling\" style=\"--awb-border-radius-top-left:0px;--awb-border-radius-top-right:0px;--awb-border-radius-bottom-right:0px;--awb-border-radius-bottom-left:0px;--awb-flex-wrap:wrap;\" ><div class=\"fusion-builder-row fusion-row\"><div class=\"fusion-layout-column fusion_builder_column fusion-builder-column-0 fusion_builder_column_3_4 3_4 fusion-three-fourth fusion-column-first\" style=\"--awb-bg-size:cover;--awb-margin-bottom:0px;width:74%; margin-right: 4%;\"><div class=\"fusion-column-wrapper fusion-flex-column-wrapper-legacy\"><div class=\"fusion-text fusion-text-1\"><p>1 November 2018<\/p>\n<h1>Legal notice: Terms of Use and Privacy Policy of the Website of Advokaadib\u00fcroo FINK O\u00dc<\/h1>\n<h2>Terms of Use of the Website<\/h2>\n<p>The legal notice of Advokaadib\u00fcroo FINK O\u00dc, registry code 14449072, address Narva mnt 7b, 10117 Tallinn, telephone +372 501 2205, e-mail fink@fink.ee, includes the Terms of Use and the personal data protection rules (Privacy Policy) of the website of Advokaadib\u00fcroo FINK O\u00dc (hereinafter the Website).<\/p>\n<p>The Terms of Use of the Website provide for the conditions based on which the Website may be used.<\/p>\n<p>By entering any page of the Website you warrant that you have read and consented to the legal notice given by Advokaadib\u00fcroo FINK O\u00dc on this Website. If you have not read or consented to the Terms of Use of the Website, you are not allowed to use the Website.<\/p>\n<p>Advokaadib\u00fcroo FINK O\u00dc may revise the legal notice, for instance, by updating the Privacy Policy. The amendments enter into force as of their publication on the Website.<\/p>\n<p>The contents of the Website may be used to any extent only with the written consent of Advokaadib\u00fcroo FINK O\u00dc.<\/p>\n<p><strong>The information given on this Website does not constitute the provision of a legal service.<\/strong><\/p>\n<p>Advokaadib\u00fcroo FINK O\u00dc declares that the information published or transmitted on this Website is merely informative. It does not constitute the provision of a legal service or an expert opinion and should not be used as such. Advokaadib\u00fcroo FINK O\u00dc does not assume liability for any consequences of use of such information. The use of any information originating from this Website is subject to the risk and liability of such user. For instance, it may happen that a relevant legal instrument has been amended or case-law has been revised following the publication of a blog post. Advokaadib\u00fcroo FINK O\u00dc advises contacting an attorney in order to obtain legal services.<\/p>\n<h2>Privacy Policy<\/h2>\n<p>The protection of natural persons in relation to the processing of personal data is a fundamental right. Article 8(1) of the Charter of Fundamental Rights of the European Union and Article 16(1) of the Treaty on the Functioning of the European Union provide that everyone has the right to the protection of personal data concerning him or her.<\/p>\n<p>The Privacy Policy concerns the protection of natural persons in relation to the processing of personal data.<\/p>\n<p>Personal data means any information about an identified or identifiable natural person (data subject).<\/p>\n<p>Advokaadib\u00fcroo FINK O\u00dc warrants and represents that we gather as little data as possible. We gather data for the purpose of improving the content and user-friendliness of our Website.<\/p>\n<p>If you call or e-mail Advokaadib\u00fcroo FINK O\u00dc, we will use your telephone number or e-mail address solely for the purpose of replying to your inquiry. No dataset is formed of the telephone number and e-mail address provided by you for the purpose of replying to the inquiry.<\/p>\n<p>We make every effort to protect your personal data. Advokaadib\u00fcroo FINK O\u00dc uses information technology and physical security measures to a reasonable extent in order to securely process your data. However, please note that it is impossible to ensure complete security of personal data.<\/p>\n<h2>Information on the collection of personal data in Advokaadib\u00fcroo FINK O\u00dc.<\/h2>\n<p>The name and contact details of the controller: Advokaadib\u00fcroo FINK O\u00dc, registry code 14449072, address Narva mnt 7b, 10117 Tallinn, telephone +372 501 2205, e-mail fink@fink.ee.<\/p>\n<p>Purpose of processing personal data: obtaining data based on visits of the Website so that Advokaadib\u00fcroo FINK O\u00dc could provide more relevant Website contents and make the Website more informative and user-friendly.<\/p>\n<p>Legal basis for processing personal data: the legal basis for processing personal data is, in accordance with Article 6(1)(a) of Regulation 2016\/679 of the European Parliament and of the Council (GDPR), the data subject\u2019s consent to the processing of their personal data for one or more specific purposes.<\/p>\n<p>Terms of use of cookies: The Website of Advokaadib\u00fcroo FINK O\u00dc uses cookies with various functions to collect information for the purpose of ensuring that you have the best Website user experience. A cookie is a small text file that is stored in your computer or mobile device upon visiting the Website. We may use session cookies and persistent cookies. Cookies may be first-party cookies and third-party cookies.<\/p>\n<p>You have consented to the installation of cookies via the banner displayed on the Website.<\/p>\n<p>If you do not want cookies to be stored on your device, you can opt out of the cookies by changing the settings of your web browser or delete the cookies stored. Please note that refusal from cookies may affect the functionality of the Website. We consider the continued use of the Website as an activity expressing your clear awareness of the cookies and your clear consent to the use of the cookies.<\/p>\n<p>The Website of Advokaadib\u00fcroo FINK O\u00dc may contain links to the websites of third parties, which means that the applications of third parties are bound to the privacy policies of these third parties.<\/p>\n<p>Criterion for determining the time of retention of personal data: data are retained only for as long as necessary for the attainment of the purposes indicated upon collecting the data.<\/p>\n<p>You have the right to request that Advokaadib\u00fcroo FINK O\u00dc grant you access to your personal data concerning you as a data subject and that your personal data be corrected or deleted or that their processing be restricted or object to such processing of the personal data.<\/p>\n<p>Information on the right to file a complaint with the supervisory authority: as a data subject, you have the right to file a complaint with the Data Protection Inspectorate if you find that your rights as a data subject have been infringed upon processing personal data.<\/p>\n<p>If you have any questions or suggestions, contact us by telephone (+372 501 2205) or e-mail (<a href=\"mailto:fink@fink.ee\" target=\"_blank\" rel=\"noopener noreferrer\">fink@fink.ee<\/a>).<\/p>\n<\/div><div class=\"fusion-clearfix\"><\/div><\/div><\/div><\/div><\/div>\n","protected":false},"excerpt":{"rendered":"","protected":false},"author":2,"featured_media":0,"parent":0,"menu_order":0,"comment_status":"closed","ping_status":"closed","template":"","meta":{"footnotes":""},"class_list":["post-1824","page","type-page","status-publish","hentry"],"yoast_head":"<!-- This site is optimized with the Yoast SEO plugin v27.4 - https:\/\/yoast.com\/product\/yoast-seo-wordpress\/ -->\n<title>Legal notice: Terms of Use and Privacy Policy of the Website of Advokaadib\u00fcroo FINK O\u00dc - Advokaadib\u00fcroo FINK<\/title>\n<meta name=\"robots\" content=\"index, follow, max-snippet:-1, max-image-preview:large, max-video-preview:-1\" \/>\n<link rel=\"canonical\" href=\"https:\/\/fink.ee\/en\/legal-notice-terms-of-use-and-privacy-policy-of-the-website-of-advokaadiburoo-fink-ou\/\" \/>\n<meta property=\"og:locale\" content=\"en_US\" \/>\n<meta property=\"og:type\" content=\"article\" \/>\n<meta property=\"og:title\" content=\"Legal notice: Terms of Use and Privacy Policy of the Website of Advokaadib\u00fcroo FINK O\u00dc - Advokaadib\u00fcroo FINK\" \/>\n<meta property=\"og:url\" content=\"https:\/\/fink.ee\/en\/legal-notice-terms-of-use-and-privacy-policy-of-the-website-of-advokaadiburoo-fink-ou\/\" \/>\n<meta property=\"og:site_name\" content=\"Advokaadib\u00fcroo FINK\" \/>\n<meta property=\"article:publisher\" content=\"https:\/\/www.facebook.com\/Advokaadib%c3%bcroo-FINK-273392283178911\/?modal=admin_todo_tour\" \/>\n<meta property=\"article:modified_time\" content=\"2020-03-11T13:33:03+00:00\" \/>\n<meta name=\"twitter:card\" content=\"summary_large_image\" \/>\n<meta name=\"twitter:label1\" content=\"Est. reading time\" \/>\n\t<meta name=\"twitter:data1\" content=\"6 minutes\" \/>\n<script type=\"application\/ld+json\" class=\"yoast-schema-graph\">{\"@context\":\"https:\\\/\\\/schema.org\",\"@graph\":[{\"@type\":\"WebPage\",\"@id\":\"https:\\\/\\\/fink.ee\\\/en\\\/legal-notice-terms-of-use-and-privacy-policy-of-the-website-of-advokaadiburoo-fink-ou\\\/\",\"url\":\"https:\\\/\\\/fink.ee\\\/en\\\/legal-notice-terms-of-use-and-privacy-policy-of-the-website-of-advokaadiburoo-fink-ou\\\/\",\"name\":\"Legal notice: Terms of Use and Privacy Policy of the Website of Advokaadib\u00fcroo FINK O\u00dc - Advokaadib\u00fcroo FINK\",\"isPartOf\":{\"@id\":\"https:\\\/\\\/fink.ee\\\/en\\\/#website\"},\"datePublished\":\"2020-03-09T11:51:34+00:00\",\"dateModified\":\"2020-03-11T13:33:03+00:00\",\"breadcrumb\":{\"@id\":\"https:\\\/\\\/fink.ee\\\/en\\\/legal-notice-terms-of-use-and-privacy-policy-of-the-website-of-advokaadiburoo-fink-ou\\\/#breadcrumb\"},\"inLanguage\":\"en-US\",\"potentialAction\":[{\"@type\":\"ReadAction\",\"target\":[\"https:\\\/\\\/fink.ee\\\/en\\\/legal-notice-terms-of-use-and-privacy-policy-of-the-website-of-advokaadiburoo-fink-ou\\\/\"]}]},{\"@type\":\"BreadcrumbList\",\"@id\":\"https:\\\/\\\/fink.ee\\\/en\\\/legal-notice-terms-of-use-and-privacy-policy-of-the-website-of-advokaadiburoo-fink-ou\\\/#breadcrumb\",\"itemListElement\":[{\"@type\":\"ListItem\",\"position\":1,\"name\":\"Home\",\"item\":\"https:\\\/\\\/fink.ee\\\/en\\\/\"},{\"@type\":\"ListItem\",\"position\":2,\"name\":\"Legal notice: Terms of Use and Privacy Policy of the Website of Advokaadib\u00fcroo FINK O\u00dc\"}]},{\"@type\":\"WebSite\",\"@id\":\"https:\\\/\\\/fink.ee\\\/en\\\/#website\",\"url\":\"https:\\\/\\\/fink.ee\\\/en\\\/\",\"name\":\"Advokaadib\u00fcroo FINK\",\"description\":\"\u00d5igusteenuse osutamine - Advokaadib\u00fcroo FINK\",\"potentialAction\":[{\"@type\":\"SearchAction\",\"target\":{\"@type\":\"EntryPoint\",\"urlTemplate\":\"https:\\\/\\\/fink.ee\\\/en\\\/?s={search_term_string}\"},\"query-input\":{\"@type\":\"PropertyValueSpecification\",\"valueRequired\":true,\"valueName\":\"search_term_string\"}}],\"inLanguage\":\"en-US\"}]}<\/script>\n<!-- \/ Yoast SEO plugin. -->","yoast_head_json":{"title":"Legal notice: Terms of Use and Privacy Policy of the Website of Advokaadib\u00fcroo FINK O\u00dc - Advokaadib\u00fcroo FINK","robots":{"index":"index","follow":"follow","max-snippet":"max-snippet:-1","max-image-preview":"max-image-preview:large","max-video-preview":"max-video-preview:-1"},"canonical":"https:\/\/fink.ee\/en\/legal-notice-terms-of-use-and-privacy-policy-of-the-website-of-advokaadiburoo-fink-ou\/","og_locale":"en_US","og_type":"article","og_title":"Legal notice: Terms of Use and Privacy Policy of the Website of Advokaadib\u00fcroo FINK O\u00dc - Advokaadib\u00fcroo FINK","og_url":"https:\/\/fink.ee\/en\/legal-notice-terms-of-use-and-privacy-policy-of-the-website-of-advokaadiburoo-fink-ou\/","og_site_name":"Advokaadib\u00fcroo FINK","article_publisher":"https:\/\/www.facebook.com\/Advokaadib%c3%bcroo-FINK-273392283178911\/?modal=admin_todo_tour","article_modified_time":"2020-03-11T13:33:03+00:00","twitter_card":"summary_large_image","twitter_misc":{"Est. reading time":"6 minutes"},"schema":{"@context":"https:\/\/schema.org","@graph":[{"@type":"WebPage","@id":"https:\/\/fink.ee\/en\/legal-notice-terms-of-use-and-privacy-policy-of-the-website-of-advokaadiburoo-fink-ou\/","url":"https:\/\/fink.ee\/en\/legal-notice-terms-of-use-and-privacy-policy-of-the-website-of-advokaadiburoo-fink-ou\/","name":"Legal notice: Terms of Use and Privacy Policy of the Website of Advokaadib\u00fcroo FINK O\u00dc - Advokaadib\u00fcroo FINK","isPartOf":{"@id":"https:\/\/fink.ee\/en\/#website"},"datePublished":"2020-03-09T11:51:34+00:00","dateModified":"2020-03-11T13:33:03+00:00","breadcrumb":{"@id":"https:\/\/fink.ee\/en\/legal-notice-terms-of-use-and-privacy-policy-of-the-website-of-advokaadiburoo-fink-ou\/#breadcrumb"},"inLanguage":"en-US","potentialAction":[{"@type":"ReadAction","target":["https:\/\/fink.ee\/en\/legal-notice-terms-of-use-and-privacy-policy-of-the-website-of-advokaadiburoo-fink-ou\/"]}]},{"@type":"BreadcrumbList","@id":"https:\/\/fink.ee\/en\/legal-notice-terms-of-use-and-privacy-policy-of-the-website-of-advokaadiburoo-fink-ou\/#breadcrumb","itemListElement":[{"@type":"ListItem","position":1,"name":"Home","item":"https:\/\/fink.ee\/en\/"},{"@type":"ListItem","position":2,"name":"Legal notice: Terms of Use and Privacy Policy of the Website of Advokaadib\u00fcroo FINK O\u00dc"}]},{"@type":"WebSite","@id":"https:\/\/fink.ee\/en\/#website","url":"https:\/\/fink.ee\/en\/","name":"Advokaadib\u00fcroo FINK","description":"\u00d5igusteenuse osutamine - Advokaadib\u00fcroo FINK","potentialAction":[{"@type":"SearchAction","target":{"@type":"EntryPoint","urlTemplate":"https:\/\/fink.ee\/en\/?s={search_term_string}"},"query-input":{"@type":"PropertyValueSpecification","valueRequired":true,"valueName":"search_term_string"}}],"inLanguage":"en-US"}]}},"_links":{"self":[{"href":"https:\/\/fink.ee\/en\/wp-json\/wp\/v2\/pages\/1824","targetHints":{"allow":["GET"]}}],"collection":[{"href":"https:\/\/fink.ee\/en\/wp-json\/wp\/v2\/pages"}],"about":[{"href":"https:\/\/fink.ee\/en\/wp-json\/wp\/v2\/types\/page"}],"author":[{"embeddable":true,"href":"https:\/\/fink.ee\/en\/wp-json\/wp\/v2\/users\/2"}],"replies":[{"embeddable":true,"href":"https:\/\/fink.ee\/en\/wp-json\/wp\/v2\/comments?post=1824"}],"version-history":[{"count":0,"href":"https:\/\/fink.ee\/en\/wp-json\/wp\/v2\/pages\/1824\/revisions"}],"wp:attachment":[{"href":"https:\/\/fink.ee\/en\/wp-json\/wp\/v2\/media?parent=1824"}],"curies":[{"name":"wp","href":"https:\/\/api.w.org\/{rel}","templated":true}]}}